{"id":356,"date":"2019-03-17T00:52:08","date_gmt":"2019-03-16T23:52:08","guid":{"rendered":"http:\/\/velvetvoices.at\/?page_id=356"},"modified":"2019-03-28T17:43:48","modified_gmt":"2019-03-28T16:43:48","slug":"datenschutzerklaerung","status":"publish","type":"page","link":"https:\/\/www.velvetvoices.at\/?page_id=356","title":{"rendered":"Datenschutzerkl\u00e4rung"},"content":{"rendered":"\n<p><strong>Cookies<\/strong><\/p>\n\n\n\n<p>Cookies sind Textdateien, die automatisch bei dem Aufruf einer Onlinepr\u00e4senz lokal im Browser des Besuchers abgelegt werden. Diese Website setzt Cookies ein, um das Angebot nutzerfreundlich und funktionaler zu machen. Dank dieser Dateien ist es beispielsweise m\u00f6glich, dass Sie speziell auf Ihre Interessen abgestimmte Informationen auf der Seite angezeigt bekommen. Auch Sicherheitsrelevante Funktionen zum Schutz Ihrer Privatsph\u00e4re werden durch den Einsatz von Cookies erm\u00f6glicht. Der ausschlie\u00dfliche Zweck besteht also darin, unser Angebot Ihren Kundenw\u00fcnschen bestm\u00f6glich anzupassen und Ihnen das Surfen bei uns so komfortabel wie m\u00f6glich zu gestalten und die Navigation zu erleichtern. Diese Website folgt der Richtlinie (\u00a796.Abs.3.TKG.06) zum Nutzerhinweis auf die Verwendung von Cookies und den Datenschutz. Quelle: <a href=\"http:\/\/www.corettakurth.at\/datenschutz\/\" target=\"_blank\" rel=\"noreferrer noopener\">http:\/\/www.corettakurth.at\/datenschutz\/<\/a><\/p>\n\n\n\n<p><strong>Google Analytics<\/strong><\/p>\n\n\n\n<p>Dieses Angebot nutzt ebenfalls den Webanalysedienst Google Analytics, ein Programm der Google Inc. (&#8222;Google, USA&#8220;). Die durch das Tracking erfassten Informationen zu Ihrer Nutzung dieser Website werden auf einem Server von Google in den USA gespeichert. Durch eine sogenannte IP-Anonymisierung wird Ihre IP-Adresse von Google innerhalb von Mitgliedstaaten der Europ\u00e4ischen Union oder in anderen Vertragsstaaten des Abkommens \u00fcber den Europ\u00e4ischen Wirtschaftsraum zuvor gek\u00fcrzt. Somit ist der Standort Ihres Browsers lediglich regional zuortbar, nicht aber ihrer Person. Google kann Besucherverhalten auswerten, um Reports \u00fcber die Websiteaktivit\u00e4ten zusammenzustellen. Auch weitere mit der Websitenutzung und der Internetnutzung verbundene Dienstleistungen k\u00f6nnen so gegen\u00fcber dem Websitebetreiber erbracht werden.<\/p>\n\n\n\n<p><strong>Facebook-Plugins (Like-Button)<\/strong><\/p>\n\n\n\n<p>Auf dieser Website werden Like-Buttons des sozialen Netzwerks Facebook (Facebook Inc., 1601 Willow Road, Menlo Park, California, 94025, USA) eingesetzt. Wenn Sie unsere Seiten besuchen, wird \u00fcber das Social-Sharing-Plugin eine Verbindung zwischen dem Browser und Facebook hergestellt. Facebook erh\u00e4lt dadurch Information \u00fcber das Nutzungsverhalten auf der Website. Durch Klicken des &#8222;Like-Buttons&#8220; w\u00e4hrend Sie in Ihrem Facebook-Account eingeloggt sind, k\u00f6nnen die Inhalte unserer Seiten mit Ihrem Facebook-Profil in Verbindung gebracht werden. Der Betreiber dieser Website hat keine M\u00f6glichkeit des Zugriffs auf \u00fcbermittelte Daten, sowie keine Kenntnis \u00fcber deren Nutzung durch Facebook. Wenn Sie nicht w\u00fcnschen, dass Facebook den Besuch unserer Seiten Ihrem Facebook-Account zuordnen kann, loggen Sie sich bitte aus Ihrem Facebook-Benutzerkonto aus.<\/p>\n","protected":false},"excerpt":{"rendered":"<p>Cookies Cookies sind Textdateien, die automatisch bei dem Aufruf einer Onlinepr\u00e4senz lokal im Browser des Besuchers abgelegt werden. Diese Website setzt Cookies ein, um das Angebot nutzerfreundlich und funktionaler zu machen. Dank dieser Dateien ist es beispielsweise m\u00f6glich, dass Sie speziell auf Ihre Interessen abgestimmte Informationen auf der Seite angezeigt bekommen. Auch Sicherheitsrelevante Funktionen zum &hellip; <\/p>\n<p class=\"link-more\"><a href=\"https:\/\/www.velvetvoices.at\/?page_id=356\" class=\"more-link\"><span class=\"screen-reader-text\">\u201eDatenschutzerkl\u00e4rung\u201c<\/span> weiterlesen<\/a><\/p>\n","protected":false},"author":4,"featured_media":0,"parent":0,"menu_order":0,"comment_status":"closed","ping_status":"closed","template":"","meta":[],"_links":{"self":[{"href":"https:\/\/www.velvetvoices.at\/index.php?rest_route=\/wp\/v2\/pages\/356"}],"collection":[{"href":"https:\/\/www.velvetvoices.at\/index.php?rest_route=\/wp\/v2\/pages"}],"about":[{"href":"https:\/\/www.velvetvoices.at\/index.php?rest_route=\/wp\/v2\/types\/page"}],"author":[{"embeddable":true,"href":"https:\/\/www.velvetvoices.at\/index.php?rest_route=\/wp\/v2\/users\/4"}],"replies":[{"embeddable":true,"href":"https:\/\/www.velvetvoices.at\/index.php?rest_route=%2Fwp%2Fv2%2Fcomments&post=356"}],"version-history":[{"count":2,"href":"https:\/\/www.velvetvoices.at\/index.php?rest_route=\/wp\/v2\/pages\/356\/revisions"}],"predecessor-version":[{"id":400,"href":"https:\/\/www.velvetvoices.at\/index.php?rest_route=\/wp\/v2\/pages\/356\/revisions\/400"}],"wp:attachment":[{"href":"https:\/\/www.velvetvoices.at\/index.php?rest_route=%2Fwp%2Fv2%2Fmedia&parent=356"}],"curies":[{"name":"wp","href":"https:\/\/api.w.org\/{rel}","templated":true}]}}