{"id":383,"date":"2019-03-28T17:41:04","date_gmt":"2019-03-28T16:41:04","guid":{"rendered":"http:\/\/www.velvetvoices.at\/?page_id=383"},"modified":"2022-10-11T16:29:49","modified_gmt":"2022-10-11T14:29:49","slug":"presse-2","status":"publish","type":"page","link":"https:\/\/www.velvetvoices.at\/?page_id=383","title":{"rendered":"Presse"},"content":{"rendered":"<hr \/>\r\n<h3><strong>Pressetext Download:<\/strong><\/h3>\r\n\r\n\r\n\r\n<div class=\"wp-block-file\"><a href=\"http:\/\/www.velvetvoices.at\/wp-content\/uploads\/2019\/04\/Pressetext-Velvet-Voices-2019.docx\">Pressetext Velvet Voices &#8222;zeitgem\u00e4\u00df&#8220;<\/a><\/div>\r\n\r\n\r\n\r\n<div class=\"wp-block-file\"><a href=\"https:\/\/www.velvetvoices.at\/wp-content\/uploads\/2022\/10\/Pressetext-Velvet-Voices-2022-1.pdf\">Weihnachtspressetext<\/a><\/div>\r\n\r\n\r\n\r\n\r\n<hr class=\"wp-block-separator\" \/>\r\n\r\n\r\n<h3><strong>Pressefotos Download:<br \/><br \/><\/strong><strong>zeitgem\u00e4\u00df<\/strong><\/h3>\r\n\r\n\r\n\r\n\r\n\r\n<ul class=\"is-layout-flex wp-block-gallery-1 wp-block-gallery columns-3 is-cropped\">\r\n<li class=\"blocks-gallery-item\">\r\n<figure><img decoding=\"async\" loading=\"lazy\" width=\"1024\" height=\"706\" class=\"wp-image-693\" src=\"https:\/\/www.velvetvoices.at\/wp-content\/uploads\/2019\/04\/cleale-2464-1024x706.jpeg\" alt=\"\" data-id=\"693\" data-link=\"https:\/\/www.velvetvoices.at\/?attachment_id=693\" srcset=\"https:\/\/www.velvetvoices.at\/wp-content\/uploads\/2019\/04\/cleale-2464-1024x706.jpeg 1024w, https:\/\/www.velvetvoices.at\/wp-content\/uploads\/2019\/04\/cleale-2464-300x207.jpeg 300w, https:\/\/www.velvetvoices.at\/wp-content\/uploads\/2019\/04\/cleale-2464-768x530.jpeg 768w, https:\/\/www.velvetvoices.at\/wp-content\/uploads\/2019\/04\/cleale-2464.jpeg 1215w\" sizes=\"(max-width: 767px) 89vw, (max-width: 1000px) 54vw, (max-width: 1071px) 543px, 580px\" \/><\/figure>\r\n<\/li>\r\n<li class=\"blocks-gallery-item\">\r\n<figure><img decoding=\"async\" loading=\"lazy\" width=\"1024\" height=\"468\" class=\"wp-image-692\" src=\"https:\/\/www.velvetvoices.at\/wp-content\/uploads\/2019\/04\/cleale-2017-1024x468.jpeg\" alt=\"\" data-id=\"692\" data-link=\"https:\/\/www.velvetvoices.at\/?attachment_id=692\" srcset=\"https:\/\/www.velvetvoices.at\/wp-content\/uploads\/2019\/04\/cleale-2017-1024x468.jpeg 1024w, https:\/\/www.velvetvoices.at\/wp-content\/uploads\/2019\/04\/cleale-2017-300x137.jpeg 300w, https:\/\/www.velvetvoices.at\/wp-content\/uploads\/2019\/04\/cleale-2017-768x351.jpeg 768w, https:\/\/www.velvetvoices.at\/wp-content\/uploads\/2019\/04\/cleale-2017.jpeg 1198w\" sizes=\"(max-width: 767px) 89vw, (max-width: 1000px) 54vw, (max-width: 1071px) 543px, 580px\" \/><\/figure>\r\n<\/li>\r\n<li class=\"blocks-gallery-item\">\r\n<figure><img decoding=\"async\" loading=\"lazy\" width=\"1024\" height=\"681\" class=\"wp-image-694\" src=\"https:\/\/www.velvetvoices.at\/wp-content\/uploads\/2019\/04\/cleale-2430-1024x681.jpeg\" alt=\"\" data-id=\"694\" data-link=\"https:\/\/www.velvetvoices.at\/?attachment_id=694\" srcset=\"https:\/\/www.velvetvoices.at\/wp-content\/uploads\/2019\/04\/cleale-2430-1024x681.jpeg 1024w, https:\/\/www.velvetvoices.at\/wp-content\/uploads\/2019\/04\/cleale-2430-300x199.jpeg 300w, https:\/\/www.velvetvoices.at\/wp-content\/uploads\/2019\/04\/cleale-2430-768x511.jpeg 768w, https:\/\/www.velvetvoices.at\/wp-content\/uploads\/2019\/04\/cleale-2430.jpeg 1280w\" sizes=\"(max-width: 767px) 89vw, (max-width: 1000px) 54vw, (max-width: 1071px) 543px, 580px\" \/><\/figure>\r\n<\/li>\r\n<\/ul>\r\n\r\n\r\n\r\n<div class=\"wp-block-file\"><a href=\"https:\/\/www.velvetvoices.at\/wp-content\/uploads\/2019\/04\/cleale-2464.jpeg\">Foto 1: zeitgem\u00e4\u00df<\/a><a class=\"wp-block-file__button\" href=\"https:\/\/www.velvetvoices.at\/wp-content\/uploads\/2019\/04\/cleale-2464.jpeg\" download=\"\">Herunterladen<\/a><\/div>\r\n\r\n\r\n\r\n<div class=\"wp-block-file\"><a href=\"https:\/\/www.velvetvoices.at\/wp-content\/uploads\/2019\/04\/cleale-2017.jpeg\">Foto 2: zeitgem\u00e4\u00df<\/a><a class=\"wp-block-file__button\" href=\"https:\/\/www.velvetvoices.at\/wp-content\/uploads\/2019\/04\/cleale-2017.jpeg\" download=\"\">Herunterladen<\/a><\/div>\r\n\r\n\r\n\r\n<div class=\"wp-block-file\"><a href=\"https:\/\/www.velvetvoices.at\/wp-content\/uploads\/2019\/04\/cleale-2430.jpeg\">Foto 3: zeitgem\u00e4\u00df<\/a><a class=\"wp-block-file__button\" href=\"https:\/\/www.velvetvoices.at\/wp-content\/uploads\/2019\/04\/cleale-2430.jpeg\" download=\"\">Herunterladen<\/a><\/div>\r\n<div>\u00a0<\/div>\r\n<div><strong>Videolink Velvet Voices: Zeitgem\u00e4\u00df<\/strong><\/div>\r\n<div>\u00a0<\/div>\r\n<div><a href=\"https:\/\/www.youtube.com\/watch?v=IS9N5kgIrVU\">Video Ladies Night<\/a><\/div>\r\n<div><a href=\"https:\/\/www.youtube.com\/watch?v=b0RQRAxMYhE\">Video What\u00b4s Love<\/a><\/div>\r\n<div><a href=\"https:\/\/www.youtube.com\/watch?v=g0N3dmNMarM\">Video Im Wahn der Sch\u00f6nheit (Birdland)\u00a0<\/a><\/div>\r\n<div>\u00a0<\/div>\r\n<div>\u00a0<\/div>\r\n<div>\u00a0<\/div>\r\n<div>\u00a0<\/div>\r\n\r\n\r\n<hr class=\"wp-block-separator\" \/>\r\n\r\n\r\n<h1><strong>in the mood 4 christmas<\/strong><\/h1>\r\n\r\n\r\n\r\n<ul class=\"is-layout-flex wp-block-gallery-3 wp-block-gallery columns-3 is-cropped\">\r\n<li class=\"blocks-gallery-item\">\r\n<figure><a href=\"https:\/\/www.velvetvoices.at\/wp-content\/uploads\/2022\/10\/Velvet-Xmas-Presse-2-2022.jpg\"><img decoding=\"async\" loading=\"lazy\" class=\"wp-image-961 size-medium alignleft\" src=\"https:\/\/www.velvetvoices.at\/wp-content\/uploads\/2022\/10\/Velvet-Xmas-Presse-2-2022-300x169.jpg\" alt=\"\" width=\"300\" height=\"169\" data-id=\"697\" data-link=\"https:\/\/www.velvetvoices.at\/?attachment_id=697\" srcset=\"https:\/\/www.velvetvoices.at\/wp-content\/uploads\/2022\/10\/Velvet-Xmas-Presse-2-2022-300x169.jpg 300w, https:\/\/www.velvetvoices.at\/wp-content\/uploads\/2022\/10\/Velvet-Xmas-Presse-2-2022-1024x576.jpg 1024w, https:\/\/www.velvetvoices.at\/wp-content\/uploads\/2022\/10\/Velvet-Xmas-Presse-2-2022-768x432.jpg 768w, https:\/\/www.velvetvoices.at\/wp-content\/uploads\/2022\/10\/Velvet-Xmas-Presse-2-2022-1536x864.jpg 1536w, https:\/\/www.velvetvoices.at\/wp-content\/uploads\/2022\/10\/Velvet-Xmas-Presse-2-2022.jpg 1920w\" sizes=\"(max-width: 300px) 100vw, 300px\" \/><\/a><\/figure>\r\n<\/li>\r\n<li class=\"blocks-gallery-item\">\r\n<figure><a href=\"https:\/\/www.velvetvoices.at\/wp-content\/uploads\/2022\/10\/Velvet-Xmas-Presse-3-.jpg\"><img decoding=\"async\" loading=\"lazy\" class=\"alignnone wp-image-962 size-medium\" src=\"https:\/\/www.velvetvoices.at\/wp-content\/uploads\/2022\/10\/Velvet-Xmas-Presse-3--300x169.jpg\" alt=\"\" width=\"300\" height=\"169\" data-id=\"696\" data-link=\"https:\/\/www.velvetvoices.at\/?attachment_id=696\" srcset=\"https:\/\/www.velvetvoices.at\/wp-content\/uploads\/2022\/10\/Velvet-Xmas-Presse-3--300x169.jpg 300w, https:\/\/www.velvetvoices.at\/wp-content\/uploads\/2022\/10\/Velvet-Xmas-Presse-3--1024x576.jpg 1024w, https:\/\/www.velvetvoices.at\/wp-content\/uploads\/2022\/10\/Velvet-Xmas-Presse-3--768x432.jpg 768w, https:\/\/www.velvetvoices.at\/wp-content\/uploads\/2022\/10\/Velvet-Xmas-Presse-3--1536x864.jpg 1536w, https:\/\/www.velvetvoices.at\/wp-content\/uploads\/2022\/10\/Velvet-Xmas-Presse-3-.jpg 1920w\" sizes=\"(max-width: 300px) 100vw, 300px\" \/><\/a><\/figure>\r\n<\/li>\r\n<li class=\"blocks-gallery-item\">\r\n<figure><a href=\"https:\/\/www.velvetvoices.at\/wp-content\/uploads\/2022\/10\/Velvet-Xmas-Presse1-2022-.jpeg\"><img decoding=\"async\" loading=\"lazy\" class=\"alignnone wp-image-949 size-medium\" src=\"https:\/\/www.velvetvoices.at\/wp-content\/uploads\/2022\/10\/Velvet-Xmas-Presse1-2022--300x169.jpeg\" alt=\"\" width=\"300\" height=\"169\" data-id=\"695\" data-link=\"https:\/\/www.velvetvoices.at\/?attachment_id=695\" srcset=\"https:\/\/www.velvetvoices.at\/wp-content\/uploads\/2022\/10\/Velvet-Xmas-Presse1-2022--300x169.jpeg 300w, https:\/\/www.velvetvoices.at\/wp-content\/uploads\/2022\/10\/Velvet-Xmas-Presse1-2022--1024x576.jpeg 1024w, https:\/\/www.velvetvoices.at\/wp-content\/uploads\/2022\/10\/Velvet-Xmas-Presse1-2022--768x432.jpeg 768w, https:\/\/www.velvetvoices.at\/wp-content\/uploads\/2022\/10\/Velvet-Xmas-Presse1-2022--1536x864.jpeg 1536w, https:\/\/www.velvetvoices.at\/wp-content\/uploads\/2022\/10\/Velvet-Xmas-Presse1-2022-.jpeg 1920w\" sizes=\"(max-width: 300px) 100vw, 300px\" \/><\/a><\/figure>\r\n<\/li>\r\n<\/ul>\r\n\r\n\r\n\r\n<div class=\"wp-block-file\"><a href=\"https:\/\/www.velvetvoices.at\/wp-content\/uploads\/2019\/04\/Klara-Leschanz-1010408.jpeg\">Foto 1: in the mood 4 christmas<\/a><a class=\"wp-block-file__button\" href=\"https:\/\/www.velvetvoices.at\/wp-content\/uploads\/2019\/04\/Klara-Leschanz-1010408.jpeg\" download=\"\">Herunterladen<\/a><\/div>\r\n\r\n\r\n\r\n<div class=\"wp-block-file\"><a href=\"https:\/\/www.velvetvoices.at\/wp-content\/uploads\/2019\/04\/Klara-Leschanz-1010440-1024x768.jpeg\">Foto 2: in the mood 4 christmas<\/a><a class=\"wp-block-file__button\" href=\"https:\/\/www.velvetvoices.at\/wp-content\/uploads\/2019\/04\/Klara-Leschanz-1010440-1024x768.jpeg\" download=\"\">Herunterladen<\/a><\/div>\r\n\r\n\r\n\r\n<div class=\"wp-block-file\"><a href=\"https:\/\/www.velvetvoices.at\/wp-content\/uploads\/2019\/04\/Klara-Leschanz-1010317.jpeg\">Foto 3: in the mood 4 christmas<\/a><a class=\"wp-block-file__button\" href=\"https:\/\/www.velvetvoices.at\/wp-content\/uploads\/2019\/04\/Klara-Leschanz-1010317.jpeg\" download=\"\">Herunterladen<\/a><\/div>\r\n<div>\u00a0<\/div>\r\n<div><strong>Videolink Velvet Voices: Christmas<\/strong><\/div>\r\n<div>\u00a0<\/div>\r\n<div><a href=\"https:\/\/www.youtube.com\/watch?v=J_ViCxVIQxA\">Video Silent Night\u00a0<\/a><\/div>\r\n<div><a href=\"https:\/\/www.youtube.com\/watch?v=4pBZ2h76cbw\">Video White Christmas<\/a><\/div>\r\n<div><a href=\"https:\/\/www.youtube.com\/watch?v=w5stbSmVycE\">Video Santa Baby<\/a><\/div>\r\n\r\n\r\n<hr class=\"wp-block-separator\" \/>\r\n\r\n\r\n<h3><strong>H\u00f6rbeispiele Download:<br \/><\/strong><\/h3>\r\n\r\n\r\n\r\n<div class=\"wp-block-file\"><a href=\"https:\/\/www.velvetvoices.at\/wp-content\/uploads\/2019\/03\/Velvet-Voices-Ladies-night.mp3\"> Velvet Voices &amp; Band &#8211; Ladies night <\/a><a class=\"wp-block-file__button\" href=\"https:\/\/www.velvetvoices.at\/wp-content\/uploads\/2019\/03\/Velvet-Voices-Ladies-night.mp3\" download=\"\">Herunterladen<\/a><\/div>\r\n\r\n\r\n\r\n<div class=\"wp-block-file\"><a href=\"https:\/\/www.velvetvoices.at\/wp-content\/uploads\/2019\/03\/Velvet-Voices-Whats-love-got-to-do-with-it.mp3\">Velvet Voices &amp; Band &#8211; Whats love got to do with it<\/a><a class=\"wp-block-file__button\" href=\"https:\/\/www.velvetvoices.at\/wp-content\/uploads\/2019\/03\/Velvet-Voices-Whats-love-got-to-do-with-it.mp3\" download=\"\">Herunterladen<\/a><\/div>\r\n\r\n\r\n\r\n<div class=\"wp-block-file\"><a href=\"https:\/\/www.velvetvoices.at\/wp-content\/uploads\/2019\/03\/1-12-It_s-Beginning-To-Look-Like-Christmas.mp3\">Velvet Voices X-mas &#8211; It\u00b4s beginning to look like christmas<\/a><a class=\"wp-block-file__button\" href=\"https:\/\/www.velvetvoices.at\/wp-content\/uploads\/2019\/03\/1-12-It_s-Beginning-To-Look-Like-Christmas.mp3\" download=\"\">Herunterladen<\/a><\/div>\r\n\r\n\r\n\r\n<div class=\"wp-block-file\"><a href=\"https:\/\/www.velvetvoices.at\/wp-content\/uploads\/2019\/03\/1-03-Carol-Of-The-Bells.mp3\">Velvet Voices X-mas &#8211; Carol of the bells<\/a><a class=\"wp-block-file__button\" href=\"https:\/\/www.velvetvoices.at\/wp-content\/uploads\/2019\/03\/1-03-Carol-Of-The-Bells.mp3\" download=\"\">Herunterladen<\/a><\/div>\r\n\r\n\r\n<hr class=\"wp-block-separator\" \/>\r\n<h3><strong>Videolinks:<\/strong><\/h3>\r\n<p><a href=\"https:\/\/www.youtube.com\/watch?v=sabk29kkN5U\" target=\"_blank\" rel=\"noopener\">Natural Woman<\/a><\/p>\r\n<p><a href=\"https:\/\/www.youtube.com\/watch?v=g0N3dmNMarM\" target=\"_blank\" rel=\"noopener\">Birdland<\/a><\/p>\r\n<p><a href=\"https:\/\/www.youtube.com\/watch?v=IS9N5kgIrVU\" target=\"_blank\" rel=\"noopener\">Ladies Night<\/a><\/p>\r\n<p><a href=\"https:\/\/www.youtube.com\/watch?v=b0RQRAxMYhE\" target=\"_blank\" rel=\"noopener\">What\u00b4s love<\/a><\/p>\r\n<p>&nbsp;<\/p>\r\n\r\n\r\n","protected":false},"excerpt":{"rendered":"<p>Pressetext Download: Pressefotos Download: zeitgem\u00e4\u00df in the mood 4 christmas H\u00f6rbeispiele Download:<\/p>\n","protected":false},"author":4,"featured_media":0,"parent":0,"menu_order":0,"comment_status":"closed","ping_status":"closed","template":"","meta":[],"_links":{"self":[{"href":"https:\/\/www.velvetvoices.at\/index.php?rest_route=\/wp\/v2\/pages\/383"}],"collection":[{"href":"https:\/\/www.velvetvoices.at\/index.php?rest_route=\/wp\/v2\/pages"}],"about":[{"href":"https:\/\/www.velvetvoices.at\/index.php?rest_route=\/wp\/v2\/types\/page"}],"author":[{"embeddable":true,"href":"https:\/\/www.velvetvoices.at\/index.php?rest_route=\/wp\/v2\/users\/4"}],"replies":[{"embeddable":true,"href":"https:\/\/www.velvetvoices.at\/index.php?rest_route=%2Fwp%2Fv2%2Fcomments&post=383"}],"version-history":[{"count":43,"href":"https:\/\/www.velvetvoices.at\/index.php?rest_route=\/wp\/v2\/pages\/383\/revisions"}],"predecessor-version":[{"id":966,"href":"https:\/\/www.velvetvoices.at\/index.php?rest_route=\/wp\/v2\/pages\/383\/revisions\/966"}],"wp:attachment":[{"href":"https:\/\/www.velvetvoices.at\/index.php?rest_route=%2Fwp%2Fv2%2Fmedia&parent=383"}],"curies":[{"name":"wp","href":"https:\/\/api.w.org\/{rel}","templated":true}]}}