{"id":388,"date":"2019-03-28T17:41:04","date_gmt":"2019-03-28T16:41:04","guid":{"rendered":"http:\/\/www.velvetvoices.at\/?page_id=388"},"modified":"2021-11-03T04:52:16","modified_gmt":"2021-11-03T03:52:16","slug":"impressum","status":"publish","type":"page","link":"https:\/\/www.velvetvoices.at\/?page_id=388","title":{"rendered":"Impressum"},"content":{"rendered":"\r\n<p><strong>F\u00fcr den Inhalt verantwortlich:<\/strong><br \/>Coretta Kurth<br \/><a href=\"mailto:coretta@corettakurth.at\">coretta@corettakurth.at<\/a><br \/>Charausgasse 26, 1230 Wien<br \/>+43 650 24 051 24<\/p>\r\n<p>&nbsp;<\/p>\r\n<p><strong>Cookies<\/strong><\/p>\r\n\r\n\r\n\r\n<p>Diese Website benutzt Webanalysedienste, die sog. \u201eCookies\u201d (also Textdateien, die auf Ihrem Computer gespeichert werden) einsetzen und die eine Analyse der Benutzung der Website erm\u00f6glichen. Selbstverst\u00e4ndlich werden keine pers\u00f6nlichen Daten bei uns abgespeichert oder an Dritte weitergegeben, die Erhebung dient ausschlie\u00dflich einer anonymen Nutzungsstatistik (z.B. wieviele BenutzerInnen greifen pro Jahr auf die Website zu?). Sollten Sie dies ablehnen, ersuchen wir Sie in Ihrem Browser die erforderlichen Einstellungen vorzunehmen und die Annahme von Cookies zu deaktivieren.<\/p>\r\n\r\n\r\n\r\n<p><strong>Haftung f\u00fcr Links<\/strong><\/p>\r\n\r\n\r\n\r\n<p>Unser Angebot enth\u00e4lt Links zu externen Webseiten Dritter, auf deren Inhalte wir keinen Einfluss haben. Deshalb k\u00f6nnen wir f\u00fcr diese fremden Inhalte auch keine Gew\u00e4hr \u00fcbernehmen. F\u00fcr die Inhalte der verlinkten Seiten ist stets der jeweilige Anbieter oder Betreiber der Seiten verantwortlich. Die verlinkten Seiten wurden zum Zeitpunkt der Verlinkung auf m\u00f6gliche Rechtsverst\u00f6\u00dfe \u00fcberpr\u00fcft. Rechtswidrige Inhalte waren zum Zeitpunkt der Verlinkung nicht erkennbar. Eine permanente inhaltliche Kontrolle der verlinkten Seiten ist jedoch ohne konkrete Anhaltspunkte einer Rechtsverletzung nicht zumutbar. Bei Bekanntwerden von Rechtsverletzungen werden wir derartige Links umgehend entfernen.<\/p>\r\n\r\n\r\n\r\n<p><strong>Allgemeine Gesch\u00e4ftsbedingungen<\/strong> von Coretta Kurth<br \/>1. <strong>Allgemeines<\/strong><br \/>Diese allgemeinen Gesch\u00e4ftsbedingungen (kurz AGB genannt) gelten f\u00fcr s\u00e4mtliche Gesch\u00e4ftsbeziehungen zwischen dem Kunden und Coretta Kurth. Diese AGB gehen allenfalls vom Kunden verwendeten Allgemeinen Gesch\u00e4ftsbedingungen vor.<\/p>\r\n\r\n\r\n\r\n<p>2. <strong>Betreiberinfo und Angebote<\/strong><br \/>Coretta Kurth ist eine selbstst\u00e4ndige Musikerin mit Sitz in Wien. Die Gesch\u00e4ftsanschrift lautet: Charausgasse 26,1230 Wien. Das Warenangebot von Coretta Kurth umfasst Produkte aus dem Bereich Media (CD, DVD, Video, Tontr\u00e4ger, usw) und diverse Merchandising-Artikel.<\/p>\r\n\r\n\r\n\r\n<p>3. <strong>Vertragsverh\u00e4ltnis<\/strong><br \/>Coretta Kurth verpflichtet sich, die Bestellung des Bestellers zu den Bedingungen der Website anzunehmen. Alle eingehenden Mitteilungen des Kunden gelten stets als Angebot zum Vertragsabschluss. Bei Schreib-, Druck- und Rechenfehlern auf der Website ist Coretta Kurth zum R\u00fccktritt berechtigt.<\/p>\r\n\r\n\r\n\r\n<p><strong>Preise<\/strong><br \/>Allf\u00e4llige aus Anlass des Versandes entstehende Import- oder Exportspesen sowie alle vom Kunden zu tragenden sonstigen Geb\u00fchren und Abgaben gehen stets zu Lasten des Kunden.<\/p>\r\n\r\n\r\n\r\n<p>Die Versandspesen ins nicht EU- Ausland werden auf Anfrage bekannt gegeben.<\/p>\r\n\r\n\r\n\r\n<p>4. <strong>R\u00fccktrittsrecht<\/strong><br \/>Sofern der Kunde Verbraucher im Sinne des Konsumentenschutzgesetzes (kurz KSchG genannt) ist, kann er von einem \u00fcber die Internetpl\u00e4tze geschlossenen Vertrag oder von einer von ihm aus Anlass der Nutzung der Internetpl\u00e4tze abgegebenen Vertragserkl\u00e4rung bis zum Ablauf nachstehender Frist zur\u00fccktreten.<\/p>\r\n\r\n\r\n\r\n<p>Dabei gilt, da\u00df der R\u00fccktritt dann rechtzeitig erfolgt, wenn der Kunde am letzten Tag der Frist seine Erkl\u00e4rung abgibt und auf elektronischem oder sonstigem Wege an Coretta Kurth versendet. Die R\u00fccktrittsfrist betr\u00e4gt sieben Werktage, wobei der Samstag nicht als Werktag z\u00e4hlt.<\/p>\r\n\r\n\r\n\r\n<p>Die R\u00fccktrittsfrist beginnt bei Vertr\u00e4gen \u00fcber die Lieferung von Produkten aus dem Bereich Media mit dem Tag ihres Einlangens beim Kunden. Der Kunde wird jeweils in zeitlich unmittelbarem Zusammenhang mit seiner Erkl\u00e4rung oder dem Empfang der Ware gesondert und ausdr\u00fccklich auf dieses R\u00fccktrittsrecht hingewiesen.<\/p>\r\n\r\n\r\n\r\n<p>Dieses R\u00fccktrittsrecht wird ausdr\u00fccklich ausgeschlossen:<br \/>bei Bestellung von Audio- oder Videoaufzeichnungen, sofern die gelieferten Sachen vom Verbraucher entsiegelt worden sind. Eine Entsiegelung liegt dann vor, wenn die Audio- oder Videoaufzeichnung oder Software von der handels\u00fcblichen Verpackung k\u00f6rperlich getrennt wird, allf\u00e4llige Schwei\u00dffolien von dem Produkt selbst entfernt werden, Audio- oder Videoaufzeichnungen mangels einer Verpackung oder Versiegelung auf Wiedergabeger\u00e4ten erstmals abgespielt werden, Software mangels Versiegelung installiert wird oder sonstige Handlungen gesetzt werden, die einer hier beschriebenen Entsiegelung gleichkommen.<\/p>\r\n\r\n\r\n\r\n<p><strong>Downloads<\/strong><\/p>\r\n\r\n\r\n\r\n<p>Bei Downloads besteht ein R\u00fccktrittsrecht nicht mehr, wenn der Kunde mit dem Download der gew\u00fcnschten Dateien beginnt. Es handelt sich hier um eine Dienstleistung, mit deren Ausf\u00fchrung sofort begonnen wird, und eine \u201eR\u00fccksendung\u201c der Daten ist technisch nicht m\u00f6glich.\u201c.<\/p>\r\n\r\n\r\n\r\n<p>Im Falle des R\u00fccktrittes ist der Kunde unverz\u00fcglich verpflichtet, die empfangene Leistung originalverpackt und versiegelt zur\u00fcckzustellen.<br \/>Coretta Kurth ist im Falle des R\u00fccktritts durch den Kunden berechtigt, s\u00e4mtliche Anspr\u00fcche gem \u00a7 5g Abs 1 Z 2 und Abs 2 KSchG, das sind die unmittelbaren Kosten der R\u00fccksendung und soweit anwendbar das angemessene Entgelt f\u00fcr die Ben\u00fctzung der Ware und die Entsch\u00e4digung f\u00fcr eine Minderung des gemeinen Wertes der Ware mit dem vom Kunden bezahlten und nunmehr zur\u00fcckzuerstattenden Entgelt aufzurechnen.<\/p>\r\n\r\n\r\n\r\n<p>Coretta Kurth verpflichtet sich Zug um Zug, die vom Kunden geleistete Zahlung zur\u00fcckzuerstatten. Coretta Kurth ist ausdr\u00fccklich berechtigt, im Falle des R\u00fccktrittes des Kunden vom zur\u00fcckzuerstattenden Betrag die hier genannten Anspr\u00fcche abzuziehen und lediglich die Differenz zur \u00dcberweisung zu bringen.<\/p>\r\n\r\n\r\n\r\n<p>5. <strong>F\u00e4lligkeit<\/strong><br \/>Die F\u00e4lligkeit des Entgeltes f\u00fcr Waren tritt im Zeitpunkt der Bestellung ein. Das Entgelt ist ohne Abz\u00fcge, skonto- und spesenfrei auf ein von XYZ genanntes Konto zur \u00dcberweisung zu bringen. Insbesondere ist der Kunde verpflichtet, allf\u00e4llige mit der Bezahlung verbundenen Bankspesen zu tragen.<\/p>\r\n\r\n\r\n\r\n<p>6. <strong>Versendung &amp; Aufrechnung<\/strong><br \/>Die Lieferung der Ware erfolgt unter Inanspruchnahme verkehrs\u00fcblicher Versendungsarten (Post, Zustelldienste usw.). Gefahr und Zufall gehen im Zeitpunkt der \u00dcbergabe der Ware an den Versender (Post, Zustelldienste, Speditionen, Frachtf\u00fchrer usw.) auf den Kunden \u00fcber. Ab diesem Zeitpunkt tr\u00e4gt der Kunde das Risiko f\u00fcr Gefahr und Zufall, f\u00fcr unverschuldeten Untergang oder Vernichtung der Sache und f\u00fcr Besch\u00e4digungen der Sache. Der Versand der Ware erfolgt nach vollst\u00e4ndiger Bezahlung.<\/p>\r\n\r\n\r\n\r\n<p>7. <strong>Eigentumsvorbehalt<\/strong><br \/>Bis zur vollst\u00e4ndigen Bezahlung s\u00e4mtlicher Anspr\u00fcche von Coretta Kurth verbleibt die Ware im Eigentum von Coretta Kurth . Im Falle des exekutiven Zugriffes auf die im Eigentum von Coretta Kurth stehenden Sachen ist der Kunde verpflichtet, Coretta Kurth unverz\u00fcglich schriftlich davon in Kenntnis zu setzen und den zugreifenden Dritten \u00fcber das Eigentum von Coretta Kurth in Kenntnis zu setzen. F\u00fcr alle daraus erwachsenden Sch\u00e4den haftet der Kunde Coretta Kurth gegen\u00fcber.<\/p>\r\n\r\n\r\n\r\n<p>8. <strong>Urheberrechte &amp; Softwarelizenzen<\/strong><br \/>Der Besteller nimmt ausdr\u00fccklich zur Kenntnis, da\u00df die von Coretta Kurth vertriebenen Produkte im Bereich Media urheberrechtlichen Schutz dritter Personen genie\u00dfen. Jede \u00fcber die eigene private Nutzung hinausgehende Nutzung dieser Produkte ist ausdr\u00fccklich untersagt.<\/p>\r\n\r\n\r\n\r\n<p>9.\u00a0<strong>Datenschutz &amp; Einwilligung des Kunden<\/strong><br \/>Der Kunde ist ausdr\u00fccklich damit einverstanden und erteilt seine Zustimmung, da\u00df seine personenbezogenen Daten wie Vorname, Nachname, Anschrift, PLZ, Geburtsdatum und Informationen zur Kontoverbindung f\u00fcr Zwecke der Erf\u00fcllung s\u00e4mtlicher wechselseitigen Rechte und Pflichten aus dem mit dem Kunden abgeschlossenen Vertrag erhoben, \u00fcbermittelt, verarbeitet und verwendet werden. Der Kunde ist ausdr\u00fccklich damit einverstanden, da\u00df seine personenbezogenen Daten f\u00fcr die Erf\u00fcllung der wechselseitigen Rechte und Pflichten aus dem abgeschlossenen Vertrag automationsunterst\u00fctzt den Erf\u00fcllungsgehilfen von Coretta Kurth zur Verf\u00fcgung gestellt werden.<br \/>Der Kunde ist ausdr\u00fccklich mit der Aufnahme seiner personenbezogenen Daten in die Kundendatei von Coretta Kurth einverstanden und erkl\u00e4rt, bis auf jederzeitigen formlosen Widerruf mit dem Erhalt von Kundeninformationen jeder Art einverstanden zu sein.<\/p>\r\n\r\n\r\n\r\n<p>10. <strong>Gew\u00e4hrleistung<\/strong><br \/>Der Besteller anerkennt ausdr\u00fccklich, da\u00df Coretta Kurth im Falle des Vorliegens der gesetzlichen Voraussetzungen eines Anspruches aus dem Titel der Gew\u00e4hrleistung vorerst zur Verbesserung in Form des Austausches oder Ersatzes des Fehlenden berechtigt ist. Erst nach fruchtlosem Ablauf einer im Einzelfall festzulegenden angemessenen Verbesserungsfrist, kann der Kunde einen Preisminderungsanspruch geltend machen. Die mangelhafte Ware ist vom Kunden unverz\u00fcglich an Coretta Kurth zur\u00fcckzusenden. Coretta Kurth haftet nicht f\u00fcr Folgesch\u00e4den, mittelbare Sch\u00e4den, Verluste oder entgangene Gewinne und haftet \u00fcberdies nur bei Vorliegen von Vorsatz oder grober Fahrl\u00e4ssigkeit. Einvernehmlich und ausdr\u00fccklich wird die Haftung bei Vorliegen von leichter Fahrl\u00e4ssigkeit ausgeschlossen.<\/p>\r\n\r\n\r\n\r\n<p><strong>Allgemeines<\/strong><br \/>Soweit kein dem KSchG unterliegendes Rechtsgesch\u00e4ft vorliegt, vereinbaren die Parteien f\u00fcr alle Streitigkeiten zur Frage des Zustandekommens bzw. aus dem Vertrag das sachlich in Betracht kommende Gericht in Wien. Das UN Kaufrecht sowie s\u00e4mtliche Bestimmungen, die sich auf das UN Kaufrecht beziehen, werden ausdr\u00fccklich ausgeschlossen. Die Vertrags-parteien vereinbaren, soweit keine zwingenden gesetzlichen Bestimmungen entgegenstehen, die Anwendung \u00f6sterreichischen Rechts.<\/p>\r\n\r\n\r\n\r\n<p>Die Unwirksamkeit, Nichtigkeit bzw. Aufhebung einzelner Bestimmungen dieses Vertrages ber\u00fchren den Bestand des Vertrages nicht. Die als unwirksam aufgehobene oder nichtige Bestimmung des Vertrages soll durch eine den wirtschaftlichen Intentionen am n\u00e4chsten kommende Bestimmung ersetzt werden.<\/p>\r\n","protected":false},"excerpt":{"rendered":"<p>F\u00fcr den Inhalt verantwortlich:Coretta Kurthcoretta@corettakurth.atCharausgasse 26, 1230 Wien+43 650 24 051 24 &nbsp; Cookies Diese Website benutzt Webanalysedienste, die sog. \u201eCookies\u201d (also Textdateien, die auf Ihrem Computer gespeichert werden) einsetzen und die eine Analyse der Benutzung der Website erm\u00f6glichen. Selbstverst\u00e4ndlich werden keine pers\u00f6nlichen Daten bei uns abgespeichert oder an Dritte weitergegeben, die Erhebung dient ausschlie\u00dflich &hellip; <\/p>\n<p class=\"link-more\"><a href=\"https:\/\/www.velvetvoices.at\/?page_id=388\" class=\"more-link\"><span class=\"screen-reader-text\">\u201eImpressum\u201c<\/span> weiterlesen<\/a><\/p>\n","protected":false},"author":4,"featured_media":0,"parent":0,"menu_order":0,"comment_status":"closed","ping_status":"closed","template":"","meta":[],"_links":{"self":[{"href":"https:\/\/www.velvetvoices.at\/index.php?rest_route=\/wp\/v2\/pages\/388"}],"collection":[{"href":"https:\/\/www.velvetvoices.at\/index.php?rest_route=\/wp\/v2\/pages"}],"about":[{"href":"https:\/\/www.velvetvoices.at\/index.php?rest_route=\/wp\/v2\/types\/page"}],"author":[{"embeddable":true,"href":"https:\/\/www.velvetvoices.at\/index.php?rest_route=\/wp\/v2\/users\/4"}],"replies":[{"embeddable":true,"href":"https:\/\/www.velvetvoices.at\/index.php?rest_route=%2Fwp%2Fv2%2Fcomments&post=388"}],"version-history":[{"count":4,"href":"https:\/\/www.velvetvoices.at\/index.php?rest_route=\/wp\/v2\/pages\/388\/revisions"}],"predecessor-version":[{"id":847,"href":"https:\/\/www.velvetvoices.at\/index.php?rest_route=\/wp\/v2\/pages\/388\/revisions\/847"}],"wp:attachment":[{"href":"https:\/\/www.velvetvoices.at\/index.php?rest_route=%2Fwp%2Fv2%2Fmedia&parent=388"}],"curies":[{"name":"wp","href":"https:\/\/api.w.org\/{rel}","templated":true}]}}